{"id":1501,"date":"2017-02-09T14:23:01","date_gmt":"2017-02-09T14:23:01","guid":{"rendered":"http:\/\/consult.loc\/?page_id=1501"},"modified":"2023-08-08T11:28:25","modified_gmt":"2023-08-08T11:28:25","slug":"productos","status":"publish","type":"page","link":"https:\/\/truiestructuras.es\/de\/produkte\/","title":{"rendered":"Unsere Arten von Strukturen f\u00fcr Veranstaltungen"},"content":{"rendered":"<div data-elementor-type=\"wp-page\" data-elementor-id=\"1501\" class=\"elementor elementor-1501\">\n\t\t\t\t\t\t\t\t\t<section class=\"elementor-section elementor-top-section elementor-element elementor-element-621b3fb elementor-section-boxed elementor-section-height-default elementor-section-height-default\" data-id=\"621b3fb\" data-element_type=\"section\" data-settings=\"{&quot;background_background&quot;:&quot;classic&quot;}\">\n\t\t\t\t\t\t<div class=\"elementor-container elementor-column-gap-default\">\n\t\t\t\t\t<div class=\"elementor-column elementor-col-100 elementor-top-column elementor-element elementor-element-621b9be\" data-id=\"621b9be\" data-element_type=\"column\">\n\t\t\t<div class=\"elementor-widget-wrap elementor-element-populated\">\n\t\t\t\t\t\t\t\t<div class=\"elementor-element elementor-element-7cc6311 elementor-widget elementor-widget-heading\" data-id=\"7cc6311\" data-element_type=\"widget\" data-widget_type=\"heading.default\">\n\t\t\t\t<div class=\"elementor-widget-container\">\n\t\t\t<style>\/*! elementor - v3.7.8 - 02-10-2022 *\/\n.elementor-heading-title{padding:0;margin:0;line-height:1}.elementor-widget-heading .elementor-heading-title[class*=elementor-size-]>a{color:inherit;font-size:inherit;line-height:inherit}.elementor-widget-heading .elementor-heading-title.elementor-size-small{font-size:15px}.elementor-widget-heading .elementor-heading-title.elementor-size-medium{font-size:19px}.elementor-widget-heading .elementor-heading-title.elementor-size-large{font-size:29px}.elementor-widget-heading .elementor-heading-title.elementor-size-xl{font-size:39px}.elementor-widget-heading .elementor-heading-title.elementor-size-xxl{font-size:59px}<\/style><h2 class=\"elementor-heading-title elementor-size-default\">Arten von Strukturen f\u00fcr Veranstaltungen: Zufriedenheits- und Sicherheitsgarantie<\/h2>\t\t<\/div>\n\t\t\t\t<\/div>\n\t\t\t\t<div class=\"elementor-element elementor-element-6fbec0e elementor-widget elementor-widget-text-editor\" data-id=\"6fbec0e\" data-element_type=\"widget\" data-widget_type=\"text-editor.default\">\n\t\t\t\t<div class=\"elementor-widget-container\">\n\t\t\t<style>\/*! elementor - v3.7.8 - 02-10-2022 *\/\n.elementor-widget-text-editor.elementor-drop-cap-view-stacked .elementor-drop-cap{background-color:#818a91;color:#fff}.elementor-widget-text-editor.elementor-drop-cap-view-framed .elementor-drop-cap{color:#818a91;border:3px solid;background-color:transparent}.elementor-widget-text-editor:not(.elementor-drop-cap-view-default) .elementor-drop-cap{margin-top:8px}.elementor-widget-text-editor:not(.elementor-drop-cap-view-default) .elementor-drop-cap-letter{width:1em;height:1em}.elementor-widget-text-editor .elementor-drop-cap{float:left;text-align:center;line-height:1;font-size:50px}.elementor-widget-text-editor .elementor-drop-cap-letter{display:inline-block}<\/style>\t\t\t\t<p><span style=\"font-weight: 400;\">Bei Trui Estructuras sind wir stolz darauf, Ihr zuverl\u00e4ssiger Verb\u00fcndeter bei der Montage von Strukturen f\u00fcr Veranstaltungen auf Mallorca zu sein. Wir wissen, dass Stabilit\u00e4t und Sicherheit f\u00fcr den Erfolg jeder Veranstaltung von grundlegender Bedeutung sind. Aus diesem Grund arbeiten wir mit international renommierten Marken zusammen, um sicherzustellen, dass jede von uns montierte Struktur Ihren Erwartungen entspricht.<\/span><\/p>\n\t\t\t\t\t\t<\/div>\n\t\t\t\t<\/div>\n\t\t\t\t<div class=\"elementor-element elementor-element-9287c56 elementor-widget elementor-widget-heading\" data-id=\"9287c56\" data-element_type=\"widget\" data-widget_type=\"heading.default\">\n\t\t\t\t<div class=\"elementor-widget-container\">\n\t\t\t<h3 class=\"elementor-heading-title elementor-size-default\">Erfahrung und Engagement in der Montage von Bauwerken<\/h3>\t\t<\/div>\n\t\t\t\t<\/div>\n\t\t\t\t<div class=\"elementor-element elementor-element-bb7547e elementor-widget elementor-widget-text-editor\" data-id=\"bb7547e\" data-element_type=\"widget\" data-widget_type=\"text-editor.default\">\n\t\t\t\t<div class=\"elementor-widget-container\">\n\t\t\t\t\t\t\t<p><span style=\"font-weight: 400;\">Unsere 15-j\u00e4hrige Erfahrung in der Montage mobiler und kurzlebiger Strukturen auf den Balearen macht uns zu einem Spitzenreiter der Branche. Ob Sie vielseitige Zelte, Layher-Strukturen, B\u00fchnentr\u00e4ger oder Trib\u00fcnen ben\u00f6tigen, unsere L\u00f6sungen sind so konzipiert, dass sie selbst den anspruchsvollsten Wetterbedingungen standhalten. Jede unserer Strukturen verf\u00fcgt \u00fcber die erforderlichen Zertifikate und Zulassungen, um Ihre Sicherheit zu gew\u00e4hrleisten.<\/span><\/p>\n\t\t\t\t\t\t<\/div>\n\t\t\t\t<\/div>\n\t\t\t\t\t<\/div>\n\t\t<\/div>\n\t\t\t\t\t\t\t<\/div>\n\t\t<\/section>\n\t\t\t\t<section class=\"elementor-section elementor-top-section elementor-element elementor-element-621d2e9 elementor-section-boxed elementor-section-height-default elementor-section-height-default\" data-id=\"621d2e9\" data-element_type=\"section\">\n\t\t\t\t\t\t<div class=\"elementor-container elementor-column-gap-default\">\n\t\t\t\t\t<div class=\"elementor-column elementor-col-100 elementor-top-column elementor-element elementor-element-621d8a5\" data-id=\"621d8a5\" data-element_type=\"column\">\n\t\t\t<div class=\"elementor-widget-wrap elementor-element-populated\">\n\t\t\t\t\t\t\t\t<div class=\"elementor-element elementor-element-36d1ed4 elementor-widget elementor-widget-heading\" data-id=\"36d1ed4\" data-element_type=\"widget\" data-widget_type=\"heading.default\">\n\t\t\t\t<div class=\"elementor-widget-container\">\n\t\t\t<h3 class=\"elementor-heading-title elementor-size-default\">Katalog der Produkte und Arten von Strukturen f\u00fcr Veranstaltungen<\/h3>\t\t<\/div>\n\t\t\t\t<\/div>\n\t\t\t\t<div class=\"elementor-element elementor-element-b959bbb elementor-widget elementor-widget-text-editor\" data-id=\"b959bbb\" data-element_type=\"widget\" data-widget_type=\"text-editor.default\">\n\t\t\t\t<div class=\"elementor-widget-container\">\n\t\t\t\t\t\t\t<p><span style=\"font-weight: 400;\">Entdecken Sie unseren kompletten Produktkatalog, der Ihre Veranstaltungen in unvergessliche Erlebnisse verwandeln soll. Von vielseitigen Zelten, die in jeden Raum passen, bis hin zu Layher- und TRUSS-Strukturen, die atemberaubende Umgebungen schaffen, haben wir f\u00fcr jeden Anlass die richtige L\u00f6sung.<\/span><\/p>\n\t\t\t\t\t\t<\/div>\n\t\t\t\t<\/div>\n\t\t\t\t\t<\/div>\n\t\t<\/div>\n\t\t\t\t\t\t\t<\/div>\n\t\t<\/section>\n\t\t\t\t<section class=\"elementor-section elementor-top-section elementor-element elementor-element-544468b4 elementor-section-boxed elementor-section-height-default elementor-section-height-default\" data-id=\"544468b4\" data-element_type=\"section\">\n\t\t\t\t\t\t<div class=\"elementor-container elementor-column-gap-default\">\n\t\t\t\t\t<div class=\"elementor-column elementor-col-33 elementor-top-column elementor-element elementor-element-6ffb04cd\" data-id=\"6ffb04cd\" data-element_type=\"column\">\n\t\t\t<div class=\"elementor-widget-wrap elementor-element-populated\">\n\t\t\t\t\t\t\t\t<div class=\"elementor-element elementor-element-3d39bb26 elementor-widget elementor-widget-stm_info_box\" data-id=\"3d39bb26\" data-element_type=\"widget\" data-widget_type=\"stm_info_box.default\">\n\t\t\t\t<div class=\"elementor-widget-container\">\n\t\t\t<div class=\"info_box elementor-consulting-info-box style_4\">\n\t\t\t\t\t\t\t\t\t<div class=\"info_box_image\">\n\t\t\t\t<img src='https:\/\/truiestructuras.es\/wp-content\/uploads\/2022\/10\/carpas_510.jpg' alt='' \/>\t\t\t<\/div>\n\t\t\t\n\t\t\t<a href=\"https:\/\/truiestructuras.es\/de\/produkte\/zelte\/\" class=\"info_box_link\">\n\t\t\t<div class=\"title\">\n\t\t\t\t<h4 class=\"no_stripe\">Zelte<\/h4>\n\t\t\t<\/div>\n\t\t<\/a>\n\t\t<\/div>\n\t\t<\/div>\n\t\t\t\t<\/div>\n\t\t\t\t\t<\/div>\n\t\t<\/div>\n\t\t\t\t<div class=\"elementor-column elementor-col-33 elementor-top-column elementor-element elementor-element-49c4734a\" data-id=\"49c4734a\" data-element_type=\"column\">\n\t\t\t<div class=\"elementor-widget-wrap elementor-element-populated\">\n\t\t\t\t\t\t\t\t<div class=\"elementor-element elementor-element-21817f6e elementor-widget elementor-widget-stm_info_box\" data-id=\"21817f6e\" data-element_type=\"widget\" data-widget_type=\"stm_info_box.default\">\n\t\t\t\t<div class=\"elementor-widget-container\">\n\t\t\t<div class=\"info_box elementor-consulting-info-box style_4\">\n\t\t\t\t\t\t\t\t\t<div class=\"info_box_image\">\n\t\t\t\t<img src='https:\/\/truiestructuras.es\/wp-content\/uploads\/2022\/10\/stands_510.jpg' alt='' \/>\t\t\t<\/div>\n\t\t\t\n\t\t\t<a href=\"https:\/\/truiestructuras.es\/de\/produkte\/steht\/\" class=\"info_box_link\">\n\t\t\t<div class=\"title\">\n\t\t\t\t<h4 class=\"no_stripe\">steht<\/h4>\n\t\t\t<\/div>\n\t\t<\/a>\n\t\t<\/div>\n\t\t<\/div>\n\t\t\t\t<\/div>\n\t\t\t\t\t<\/div>\n\t\t<\/div>\n\t\t\t\t<div class=\"elementor-column elementor-col-33 elementor-top-column elementor-element elementor-element-2d27c24f\" data-id=\"2d27c24f\" data-element_type=\"column\">\n\t\t\t<div class=\"elementor-widget-wrap elementor-element-populated\">\n\t\t\t\t\t\t\t\t<div class=\"elementor-element elementor-element-8c150e elementor-widget elementor-widget-stm_info_box\" data-id=\"8c150e\" data-element_type=\"widget\" data-widget_type=\"stm_info_box.default\">\n\t\t\t\t<div class=\"elementor-widget-container\">\n\t\t\t<div class=\"info_box elementor-consulting-info-box style_4\">\n\t\t\t\t\t\t\t\t\t<div class=\"info_box_image\">\n\t\t\t\t<img src='https:\/\/truiestructuras.es\/wp-content\/uploads\/2022\/10\/escenarios_510-1.jpg' alt='' \/>\t\t\t<\/div>\n\t\t\t\n\t\t\t<a href=\"https:\/\/truiestructuras.es\/de\/produkte\/szenarien\/\" class=\"info_box_link\">\n\t\t\t<div class=\"title\">\n\t\t\t\t<h4 class=\"no_stripe\">Szenarien<\/h4>\n\t\t\t<\/div>\n\t\t<\/a>\n\t\t<\/div>\n\t\t<\/div>\n\t\t\t\t<\/div>\n\t\t\t\t\t<\/div>\n\t\t<\/div>\n\t\t\t\t\t\t\t<\/div>\n\t\t<\/section>\n\t\t\t\t<section class=\"elementor-section elementor-top-section elementor-element elementor-element-f726647 elementor-section-boxed elementor-section-height-default elementor-section-height-default\" data-id=\"f726647\" data-element_type=\"section\">\n\t\t\t\t\t\t<div class=\"elementor-container elementor-column-gap-default\">\n\t\t\t\t\t<div class=\"elementor-column elementor-col-33 elementor-top-column elementor-element elementor-element-b920af0\" data-id=\"b920af0\" data-element_type=\"column\">\n\t\t\t<div class=\"elementor-widget-wrap elementor-element-populated\">\n\t\t\t\t\t\t\t\t<div class=\"elementor-element elementor-element-40e6761 elementor-widget elementor-widget-stm_info_box\" data-id=\"40e6761\" data-element_type=\"widget\" data-widget_type=\"stm_info_box.default\">\n\t\t\t\t<div class=\"elementor-widget-container\">\n\t\t\t<div class=\"info_box elementor-consulting-info-box style_4\">\n\t\t\t\t\t\t\t\t\t<div class=\"info_box_image\">\n\t\t\t\t<img src='https:\/\/truiestructuras.es\/wp-content\/uploads\/2022\/10\/tarimas_510.jpg' alt='' \/>\t\t\t<\/div>\n\t\t\t\n\t\t\t<a href=\"https:\/\/truiestructuras.es\/de\/produkte\/plattformen\/\" class=\"info_box_link\">\n\t\t\t<div class=\"title\">\n\t\t\t\t<h4 class=\"no_stripe\">Paletten<\/h4>\n\t\t\t<\/div>\n\t\t<\/a>\n\t\t<\/div>\n\t\t<\/div>\n\t\t\t\t<\/div>\n\t\t\t\t\t<\/div>\n\t\t<\/div>\n\t\t\t\t<div class=\"elementor-column elementor-col-33 elementor-top-column elementor-element elementor-element-d39da41\" data-id=\"d39da41\" data-element_type=\"column\">\n\t\t\t<div class=\"elementor-widget-wrap elementor-element-populated\">\n\t\t\t\t\t\t\t\t<div class=\"elementor-element elementor-element-680e3c4 elementor-widget elementor-widget-stm_info_box\" data-id=\"680e3c4\" data-element_type=\"widget\" data-widget_type=\"stm_info_box.default\">\n\t\t\t\t<div class=\"elementor-widget-container\">\n\t\t\t<div class=\"info_box elementor-consulting-info-box style_4\">\n\t\t\t\t\t\t\t\t\t<div class=\"info_box_image\">\n\t\t\t\t<img src='https:\/\/truiestructuras.es\/wp-content\/uploads\/2022\/10\/truss-510x350-1.jpg' alt='' \/>\t\t\t<\/div>\n\t\t\t\n\t\t\t<a href=\"https:\/\/truiestructuras.es\/de\/produkte\/traversen\/\" class=\"info_box_link\">\n\t\t\t<div class=\"title\">\n\t\t\t\t<h4 class=\"no_stripe\">TRUSS<\/h4>\n\t\t\t<\/div>\n\t\t<\/a>\n\t\t<\/div>\n\t\t<\/div>\n\t\t\t\t<\/div>\n\t\t\t\t\t<\/div>\n\t\t<\/div>\n\t\t\t\t<div class=\"elementor-column elementor-col-33 elementor-top-column elementor-element elementor-element-015a217\" data-id=\"015a217\" data-element_type=\"column\">\n\t\t\t<div class=\"elementor-widget-wrap elementor-element-populated\">\n\t\t\t\t\t\t\t\t<div class=\"elementor-element elementor-element-6344e61 elementor-widget elementor-widget-stm_info_box\" data-id=\"6344e61\" data-element_type=\"widget\" data-widget_type=\"stm_info_box.default\">\n\t\t\t\t<div class=\"elementor-widget-container\">\n\t\t\t<div class=\"info_box elementor-consulting-info-box style_4\">\n\t\t\t\t\t\t\t\t\t<div class=\"info_box_image\">\n\t\t\t\t<img src='https:\/\/truiestructuras.es\/wp-content\/uploads\/2022\/10\/gradas-510x350-1.jpg' alt='' \/>\t\t\t<\/div>\n\t\t\t\n\t\t\t<div class=\"title\">\n\t\t\t<h4 class=\"no_stripe\">Schritte<\/h4>\n\t\t<\/div>\n\t\t<\/div>\n\t\t<\/div>\n\t\t\t\t<\/div>\n\t\t\t\t\t<\/div>\n\t\t<\/div>\n\t\t\t\t\t\t\t<\/div>\n\t\t<\/section>\n\t\t\t\t<section class=\"elementor-section elementor-top-section elementor-element elementor-element-1ba3a14 elementor-section-boxed elementor-section-height-default elementor-section-height-default\" data-id=\"1ba3a14\" data-element_type=\"section\">\n\t\t\t\t\t\t<div class=\"elementor-container elementor-column-gap-default\">\n\t\t\t\t\t<div class=\"elementor-column elementor-col-33 elementor-top-column elementor-element elementor-element-24f5c7c\" data-id=\"24f5c7c\" data-element_type=\"column\">\n\t\t\t<div class=\"elementor-widget-wrap elementor-element-populated\">\n\t\t\t\t\t\t\t\t<div class=\"elementor-element elementor-element-ff8b6d8 elementor-widget elementor-widget-stm_info_box\" data-id=\"ff8b6d8\" data-element_type=\"widget\" data-widget_type=\"stm_info_box.default\">\n\t\t\t\t<div class=\"elementor-widget-container\">\n\t\t\t<div class=\"info_box elementor-consulting-info-box style_4\">\n\t\t\t\t\t\t\t\t\t<div class=\"info_box_image\">\n\t\t\t\t<img src='https:\/\/truiestructuras.es\/wp-content\/uploads\/2022\/10\/mobiliario-510x330-1.jpg' alt='' \/>\t\t\t<\/div>\n\t\t\t\n\t\t\t<a href=\"#\" class=\"info_box_link\">\n\t\t\t<div class=\"title\">\n\t\t\t\t<h4 class=\"no_stripe\">M\u00f6bel<\/h4>\n\t\t\t<\/div>\n\t\t<\/a>\n\t\t<\/div>\n\t\t<\/div>\n\t\t\t\t<\/div>\n\t\t\t\t\t<\/div>\n\t\t<\/div>\n\t\t\t\t<div class=\"elementor-column elementor-col-33 elementor-top-column elementor-element elementor-element-5927a16\" data-id=\"5927a16\" data-element_type=\"column\">\n\t\t\t<div class=\"elementor-widget-wrap elementor-element-populated\">\n\t\t\t\t\t\t\t\t<div class=\"elementor-element elementor-element-2beb5ac elementor-widget elementor-widget-stm_info_box\" data-id=\"2beb5ac\" data-element_type=\"widget\" data-widget_type=\"stm_info_box.default\">\n\t\t\t\t<div class=\"elementor-widget-container\">\n\t\t\t<div class=\"info_box elementor-consulting-info-box style_4\">\n\t\t\t\t\t\t\t\t\t<div class=\"info_box_image\">\n\t\t\t\t<img src='https:\/\/truiestructuras.es\/wp-content\/uploads\/2022\/10\/decoracion_510.jpg' alt='' \/>\t\t\t<\/div>\n\t\t\t\n\t\t\t<a href=\"#\" class=\"info_box_link\">\n\t\t\t<div class=\"title\">\n\t\t\t\t<h4 class=\"no_stripe\">Dekor<\/h4>\n\t\t\t<\/div>\n\t\t<\/a>\n\t\t<\/div>\n\t\t<\/div>\n\t\t\t\t<\/div>\n\t\t\t\t\t<\/div>\n\t\t<\/div>\n\t\t\t\t<div class=\"elementor-column elementor-col-33 elementor-top-column elementor-element elementor-element-348a3c8\" data-id=\"348a3c8\" data-element_type=\"column\">\n\t\t\t<div class=\"elementor-widget-wrap elementor-element-populated\">\n\t\t\t\t\t\t\t\t<div class=\"elementor-element elementor-element-c41e53b elementor-widget elementor-widget-stm_info_box\" data-id=\"c41e53b\" data-element_type=\"widget\" data-widget_type=\"stm_info_box.default\">\n\t\t\t\t<div class=\"elementor-widget-container\">\n\t\t\t<div class=\"info_box elementor-consulting-info-box style_4\">\n\t\t\t\t\t\t\t\t\t<div class=\"info_box_image\">\n\t\t\t\t<img src='https:\/\/truiestructuras.es\/wp-content\/uploads\/2022\/10\/moqueta-510x350-1.jpg' alt='' \/>\t\t\t<\/div>\n\t\t\t\n\t\t\t<a href=\"\/de\/web\/productos\/moquetas\/\" class=\"info_box_link\">\n\t\t\t<div class=\"title\">\n\t\t\t\t<h4 class=\"no_stripe\">Teppiche<\/h4>\n\t\t\t<\/div>\n\t\t<\/a>\n\t\t<\/div>\n\t\t<\/div>\n\t\t\t\t<\/div>\n\t\t\t\t\t<\/div>\n\t\t<\/div>\n\t\t\t\t\t\t\t<\/div>\n\t\t<\/section>\n\t\t\t\t\t\t\t<\/div>","protected":false},"excerpt":{"rendered":"<p>Tipos de Estructuras para Eventos: Garant\u00eda de Satisfacci\u00f3n y Seguridad En Trui Estructuras, nos enorgullecemos de ser tu aliado confiable en el montaje de estructuras para eventos en Mallorca. Sabemos que la estabilidad y la seguridad son fundamentales para el \u00e9xito de cualquier evento. Por eso, colaboramos con marcas de renombre internacional para asegurarnos de<\/p>","protected":false},"author":1,"featured_media":0,"parent":0,"menu_order":0,"comment_status":"closed","ping_status":"closed","template":"","meta":{"om_disable_all_campaigns":false,"_mi_skip_tracking":false,"_monsterinsights_sitenote_active":false,"_monsterinsights_sitenote_note":"","_monsterinsights_sitenote_category":0},"yoast_head":"<!-- This site is optimized with the Yoast SEO plugin v20.4 - https:\/\/yoast.com\/wordpress\/plugins\/seo\/ -->\n<title>Nuestros Tipos de Estructuras para Eventos - Trui Estructuras<\/title>\n<meta name=\"description\" content=\"Montaje de estructuras y tipos de estructuras para eventos en Mallorca. Gran variedad de opciones para tus necesidades.\" \/>\n<meta name=\"robots\" content=\"index, follow, max-snippet:-1, max-image-preview:large, max-video-preview:-1\" \/>\n<link rel=\"canonical\" href=\"https:\/\/truiestructuras.es\/de\/produkte\/\" \/>\n<meta property=\"og:locale\" content=\"de_DE\" \/>\n<meta property=\"og:type\" content=\"article\" \/>\n<meta property=\"og:title\" content=\"Nuestros Tipos de Estructuras para Eventos - Trui Estructuras\" \/>\n<meta property=\"og:description\" content=\"Montaje de estructuras y tipos de estructuras para eventos en Mallorca. Gran variedad de opciones para tus necesidades.\" \/>\n<meta property=\"og:url\" content=\"https:\/\/truiestructuras.es\/de\/produkte\/\" \/>\n<meta property=\"og:site_name\" content=\"Trui Estructuras\" \/>\n<meta property=\"article:modified_time\" content=\"2023-08-08T11:28:25+00:00\" \/>\n<meta property=\"og:image\" content=\"https:\/\/truiestructuras.es\/wp-content\/uploads\/2022\/10\/carpas_510.jpg\" \/>\n<meta name=\"twitter:card\" content=\"summary_large_image\" \/>\n<meta name=\"twitter:label1\" content=\"Gesch\u00e4tzte Lesezeit\" \/>\n\t<meta name=\"twitter:data1\" content=\"3 Minuten\" \/>\n<script type=\"application\/ld+json\" class=\"yoast-schema-graph\">{\"@context\":\"https:\/\/schema.org\",\"@graph\":[{\"@type\":\"WebPage\",\"@id\":\"https:\/\/truiestructuras.es\/productos\/\",\"url\":\"https:\/\/truiestructuras.es\/productos\/\",\"name\":\"Nuestros Tipos de Estructuras para Eventos - Trui Estructuras\",\"isPartOf\":{\"@id\":\"https:\/\/truiestructuras.es\/#website\"},\"datePublished\":\"2017-02-09T14:23:01+00:00\",\"dateModified\":\"2023-08-08T11:28:25+00:00\",\"description\":\"Montaje de estructuras y tipos de estructuras para eventos en Mallorca. Gran variedad de opciones para tus necesidades.\",\"breadcrumb\":{\"@id\":\"https:\/\/truiestructuras.es\/productos\/#breadcrumb\"},\"inLanguage\":\"de-DE\",\"potentialAction\":[{\"@type\":\"ReadAction\",\"target\":[\"https:\/\/truiestructuras.es\/productos\/\"]}]},{\"@type\":\"BreadcrumbList\",\"@id\":\"https:\/\/truiestructuras.es\/productos\/#breadcrumb\",\"itemListElement\":[{\"@type\":\"ListItem\",\"position\":1,\"name\":\"Portada\",\"item\":\"https:\/\/truiestructuras.es\/\"},{\"@type\":\"ListItem\",\"position\":2,\"name\":\"Nuestros Tipos de Estructuras para Eventos\"}]},{\"@type\":\"WebSite\",\"@id\":\"https:\/\/truiestructuras.es\/#website\",\"url\":\"https:\/\/truiestructuras.es\/\",\"name\":\"Trui Estructuras\",\"description\":\"Estructuras para Eventos en Mallorca\",\"potentialAction\":[{\"@type\":\"SearchAction\",\"target\":{\"@type\":\"EntryPoint\",\"urlTemplate\":\"https:\/\/truiestructuras.es\/?s={search_term_string}\"},\"query-input\":\"required name=search_term_string\"}],\"inLanguage\":\"de-DE\"}]}<\/script>\n<!-- \/ Yoast SEO plugin. -->","yoast_head_json":{"title":"Nuestros Tipos de Estructuras para Eventos - Trui Estructuras","description":"Montaje de estructuras y tipos de estructuras para eventos en Mallorca. Gran variedad de opciones para tus necesidades.","robots":{"index":"index","follow":"follow","max-snippet":"max-snippet:-1","max-image-preview":"max-image-preview:large","max-video-preview":"max-video-preview:-1"},"canonical":"https:\/\/truiestructuras.es\/de\/produkte\/","og_locale":"de_DE","og_type":"article","og_title":"Nuestros Tipos de Estructuras para Eventos - Trui Estructuras","og_description":"Montaje de estructuras y tipos de estructuras para eventos en Mallorca. Gran variedad de opciones para tus necesidades.","og_url":"https:\/\/truiestructuras.es\/de\/produkte\/","og_site_name":"Trui Estructuras","article_modified_time":"2023-08-08T11:28:25+00:00","og_image":[{"url":"https:\/\/truiestructuras.es\/wp-content\/uploads\/2022\/10\/carpas_510.jpg"}],"twitter_card":"summary_large_image","twitter_misc":{"Gesch\u00e4tzte Lesezeit":"3 Minuten"},"schema":{"@context":"https:\/\/schema.org","@graph":[{"@type":"WebPage","@id":"https:\/\/truiestructuras.es\/productos\/","url":"https:\/\/truiestructuras.es\/productos\/","name":"Nuestros Tipos de Estructuras para Eventos - Trui Estructuras","isPartOf":{"@id":"https:\/\/truiestructuras.es\/#website"},"datePublished":"2017-02-09T14:23:01+00:00","dateModified":"2023-08-08T11:28:25+00:00","description":"Montaje de estructuras y tipos de estructuras para eventos en Mallorca. Gran variedad de opciones para tus necesidades.","breadcrumb":{"@id":"https:\/\/truiestructuras.es\/productos\/#breadcrumb"},"inLanguage":"de-DE","potentialAction":[{"@type":"ReadAction","target":["https:\/\/truiestructuras.es\/productos\/"]}]},{"@type":"BreadcrumbList","@id":"https:\/\/truiestructuras.es\/productos\/#breadcrumb","itemListElement":[{"@type":"ListItem","position":1,"name":"Portada","item":"https:\/\/truiestructuras.es\/"},{"@type":"ListItem","position":2,"name":"Nuestros Tipos de Estructuras para Eventos"}]},{"@type":"WebSite","@id":"https:\/\/truiestructuras.es\/#website","url":"https:\/\/truiestructuras.es\/","name":"Trui Estructuras","description":"Estructuras para Eventos en Mallorca","potentialAction":[{"@type":"SearchAction","target":{"@type":"EntryPoint","urlTemplate":"https:\/\/truiestructuras.es\/?s={search_term_string}"},"query-input":"required name=search_term_string"}],"inLanguage":"de-DE"}]}},"_links":{"self":[{"href":"https:\/\/truiestructuras.es\/de\/wp-json\/wp\/v2\/pages\/1501"}],"collection":[{"href":"https:\/\/truiestructuras.es\/de\/wp-json\/wp\/v2\/pages"}],"about":[{"href":"https:\/\/truiestructuras.es\/de\/wp-json\/wp\/v2\/types\/page"}],"author":[{"embeddable":true,"href":"https:\/\/truiestructuras.es\/de\/wp-json\/wp\/v2\/users\/1"}],"replies":[{"embeddable":true,"href":"https:\/\/truiestructuras.es\/de\/wp-json\/wp\/v2\/comments?post=1501"}],"version-history":[{"count":96,"href":"https:\/\/truiestructuras.es\/de\/wp-json\/wp\/v2\/pages\/1501\/revisions"}],"predecessor-version":[{"id":8401,"href":"https:\/\/truiestructuras.es\/de\/wp-json\/wp\/v2\/pages\/1501\/revisions\/8401"}],"wp:attachment":[{"href":"https:\/\/truiestructuras.es\/de\/wp-json\/wp\/v2\/media?parent=1501"}],"curies":[{"name":"wp","href":"https:\/\/api.w.org\/{rel}","templated":true}]}}