{"id":7291,"date":"2022-10-05T02:01:15","date_gmt":"2022-10-05T02:01:15","guid":{"rendered":"https:\/\/truiestructuras.es\/?page_id=7291"},"modified":"2023-01-18T12:20:52","modified_gmt":"2023-01-18T12:20:52","slug":"clientes","status":"publish","type":"page","link":"https:\/\/truiestructuras.es\/de\/produkte\/kunden\/","title":{"rendered":"Kunden"},"content":{"rendered":"<div data-elementor-type=\"wp-page\" data-elementor-id=\"7291\" class=\"elementor elementor-7291\">\n\t\t\t\t\t\t\t\t\t<section class=\"elementor-section elementor-top-section elementor-element elementor-element-621b3fb elementor-section-boxed elementor-section-height-default elementor-section-height-default\" data-id=\"621b3fb\" data-element_type=\"section\" data-settings=\"{&quot;background_background&quot;:&quot;classic&quot;}\">\n\t\t\t\t\t\t<div class=\"elementor-container elementor-column-gap-default\">\n\t\t\t\t\t<div class=\"elementor-column elementor-col-100 elementor-top-column elementor-element elementor-element-621b9be\" data-id=\"621b9be\" data-element_type=\"column\">\n\t\t\t<div class=\"elementor-widget-wrap elementor-element-populated\">\n\t\t\t\t\t\t\t\t<div class=\"elementor-element elementor-element-6cbf7c0 elementor-widget elementor-widget-vc_custom_heading\" data-id=\"6cbf7c0\" data-element_type=\"widget\" data-widget_type=\"vc_custom_heading.default\">\n\t\t\t\t<div class=\"elementor-widget-container\">\n\t\t\t<div class=\"vc_custom_heading  consulting_heading_font  text_align_left\" ><h3 style=\"text-align: left;font-weight:700\" class=\"consulting-custom-title\">Strukturen f\u00fcr Veranstaltungen auf Mallorca\n<\/h3><\/div>\t\t<\/div>\n\t\t\t\t<\/div>\n\t\t\t\t<div class=\"elementor-element elementor-element-621bd6d elementor-widget elementor-widget-text-editor\" data-id=\"621bd6d\" data-element_type=\"widget\" data-widget_type=\"text-editor.default\">\n\t\t\t\t<div class=\"elementor-widget-container\">\n\t\t\t<style>\/*! elementor - v3.7.8 - 02-10-2022 *\/\n.elementor-widget-text-editor.elementor-drop-cap-view-stacked .elementor-drop-cap{background-color:#818a91;color:#fff}.elementor-widget-text-editor.elementor-drop-cap-view-framed .elementor-drop-cap{color:#818a91;border:3px solid;background-color:transparent}.elementor-widget-text-editor:not(.elementor-drop-cap-view-default) .elementor-drop-cap{margin-top:8px}.elementor-widget-text-editor:not(.elementor-drop-cap-view-default) .elementor-drop-cap-letter{width:1em;height:1em}.elementor-widget-text-editor .elementor-drop-cap{float:left;text-align:center;line-height:1;font-size:50px}.elementor-widget-text-editor .elementor-drop-cap-letter{display:inline-block}<\/style>\t\t\t\t<h4><strong>Arten von Veranstaltungen<\/strong><\/h4>\n<p>Wir bieten unsere Strukturmontage- und Vermietungsdienste f\u00fcr alle Arten von Veranstaltungen an, die auf den Balearen stattfinden und von gro\u00dfen, mittleren oder kleinen Kunden gef\u00f6rdert werden. Unser Hauptziel ist es, einen Service von h\u00f6chster Qualit\u00e4t anzubieten. Aus diesem Grund finden wir in unserem Kundenportfolio lokale, nationale und internationale Unternehmen, von \u00f6ffentlichen Einrichtungen bis hin zu privaten Unternehmen und Einzelpersonen.<\/p>\n<p>Wir verf\u00fcgen \u00fcber Strukturen f\u00fcr die Au\u00dfenmontage mit den besten Materialien und technischen Spezifikationen auf dem Markt, die sich an alle Wetterbedingungen anpassen. Auch mit speziellen Strukturen f\u00fcr Innenr\u00e4ume oder Indoor-Sets, die uns unz\u00e4hlige M\u00f6glichkeiten bei der Planung und Umsetzung eines Projekts bieten.<\/p>\n\t\t\t\t\t\t<\/div>\n\t\t\t\t<\/div>\n\t\t\t\t\t<\/div>\n\t\t<\/div>\n\t\t\t\t\t\t\t<\/div>\n\t\t<\/section>\n\t\t\t\t<section class=\"elementor-section elementor-top-section elementor-element elementor-element-d80ccd0 elementor-section-boxed elementor-section-height-default elementor-section-height-default\" data-id=\"d80ccd0\" data-element_type=\"section\">\n\t\t\t\t\t\t<div class=\"elementor-container elementor-column-gap-default\">\n\t\t\t\t\t<div class=\"elementor-column elementor-col-100 elementor-top-column elementor-element elementor-element-47877b6\" data-id=\"47877b6\" data-element_type=\"column\">\n\t\t\t<div class=\"elementor-widget-wrap elementor-element-populated\">\n\t\t\t\t\t\t\t\t<div class=\"elementor-element elementor-element-f480e8b elementor-widget elementor-widget-stm_services\" data-id=\"f480e8b\" data-element_type=\"widget\" data-widget_type=\"stm_services.default\">\n\t\t\t\t<div class=\"elementor-widget-container\">\n\t\t\t\n\t\t<\/div>\n\t\t\t\t<\/div>\n\t\t\t\t\t<\/div>\n\t\t<\/div>\n\t\t\t\t\t\t\t<\/div>\n\t\t<\/section>\n\t\t\t\t\t\t\t<\/div>","protected":false},"excerpt":{"rendered":"<p>Strukturen f\u00fcr Veranstaltungen auf Mallorca Arten von Veranstaltungen Wir bieten unsere Dienstleistungen f\u00fcr den Aufbau und die Vermietung von Strukturen f\u00fcr alle Arten von Veranstaltungen an, die auf den Balearen stattfinden und von gro\u00dfen, mittleren oder kleinen Kunden gef\u00f6rdert werden. Unser Hauptziel ist es, innerhalb unseres Portfolios einen Service von h\u00f6chster Qualit\u00e4t anzubieten<\/p>","protected":false},"author":1,"featured_media":0,"parent":1501,"menu_order":0,"comment_status":"closed","ping_status":"closed","template":"","meta":{"om_disable_all_campaigns":false,"_mi_skip_tracking":false,"_monsterinsights_sitenote_active":false,"_monsterinsights_sitenote_note":"","_monsterinsights_sitenote_category":0},"yoast_head":"<!-- This site is optimized with the Yoast SEO plugin v20.4 - https:\/\/yoast.com\/wordpress\/plugins\/seo\/ -->\n<title>Clientes - Trui Estructuras<\/title>\n<meta name=\"robots\" content=\"index, follow, max-snippet:-1, max-image-preview:large, max-video-preview:-1\" \/>\n<link rel=\"canonical\" href=\"https:\/\/truiestructuras.es\/de\/produkte\/kunden\/\" \/>\n<meta property=\"og:locale\" content=\"de_DE\" \/>\n<meta property=\"og:type\" content=\"article\" \/>\n<meta property=\"og:title\" content=\"Clientes - Trui Estructuras\" \/>\n<meta property=\"og:description\" content=\"Estructuras para Eventos en Mallorca Tipos de Eventos Ofrecemos nuestros servicios de montaje y alquiler de estructuras para todo tipo de eventos que tengan lugar en las Islas Baleares, promovidos por grandes, medianos o peque\u00f1os clientes. Nuestro principal objetivo es ofrecer un servicio de la m\u00e1s alta calidad, por este motivo, dentro de nuestra cartera\" \/>\n<meta property=\"og:url\" content=\"https:\/\/truiestructuras.es\/de\/produkte\/kunden\/\" \/>\n<meta property=\"og:site_name\" content=\"Trui Estructuras\" \/>\n<meta property=\"article:modified_time\" content=\"2023-01-18T12:20:52+00:00\" \/>\n<meta property=\"og:image\" content=\"https:\/\/truiestructuras.es\/wp-content\/uploads\/2017\/02\/empresas_510.jpg\" \/>\n<meta name=\"twitter:card\" content=\"summary_large_image\" \/>\n<meta name=\"twitter:label1\" content=\"Gesch\u00e4tzte Lesezeit\" \/>\n\t<meta name=\"twitter:data1\" content=\"1 Minute\" \/>\n<script type=\"application\/ld+json\" class=\"yoast-schema-graph\">{\"@context\":\"https:\/\/schema.org\",\"@graph\":[{\"@type\":\"WebPage\",\"@id\":\"https:\/\/truiestructuras.es\/productos\/clientes\/\",\"url\":\"https:\/\/truiestructuras.es\/productos\/clientes\/\",\"name\":\"Clientes - Trui Estructuras\",\"isPartOf\":{\"@id\":\"https:\/\/truiestructuras.es\/#website\"},\"datePublished\":\"2022-10-05T02:01:15+00:00\",\"dateModified\":\"2023-01-18T12:20:52+00:00\",\"breadcrumb\":{\"@id\":\"https:\/\/truiestructuras.es\/productos\/clientes\/#breadcrumb\"},\"inLanguage\":\"de-DE\",\"potentialAction\":[{\"@type\":\"ReadAction\",\"target\":[\"https:\/\/truiestructuras.es\/productos\/clientes\/\"]}]},{\"@type\":\"BreadcrumbList\",\"@id\":\"https:\/\/truiestructuras.es\/productos\/clientes\/#breadcrumb\",\"itemListElement\":[{\"@type\":\"ListItem\",\"position\":1,\"name\":\"Portada\",\"item\":\"https:\/\/truiestructuras.es\/\"},{\"@type\":\"ListItem\",\"position\":2,\"name\":\"Nuestros Tipos de Estructuras para Eventos\",\"item\":\"https:\/\/truiestructuras.es\/productos\/\"},{\"@type\":\"ListItem\",\"position\":3,\"name\":\"Clientes\"}]},{\"@type\":\"WebSite\",\"@id\":\"https:\/\/truiestructuras.es\/#website\",\"url\":\"https:\/\/truiestructuras.es\/\",\"name\":\"Trui Estructuras\",\"description\":\"Estructuras para Eventos en Mallorca\",\"potentialAction\":[{\"@type\":\"SearchAction\",\"target\":{\"@type\":\"EntryPoint\",\"urlTemplate\":\"https:\/\/truiestructuras.es\/?s={search_term_string}\"},\"query-input\":\"required name=search_term_string\"}],\"inLanguage\":\"de-DE\"}]}<\/script>\n<!-- \/ Yoast SEO plugin. -->","yoast_head_json":{"title":"Clientes - Trui Estructuras","robots":{"index":"index","follow":"follow","max-snippet":"max-snippet:-1","max-image-preview":"max-image-preview:large","max-video-preview":"max-video-preview:-1"},"canonical":"https:\/\/truiestructuras.es\/de\/produkte\/kunden\/","og_locale":"de_DE","og_type":"article","og_title":"Clientes - Trui Estructuras","og_description":"Estructuras para Eventos en Mallorca Tipos de Eventos Ofrecemos nuestros servicios de montaje y alquiler de estructuras para todo tipo de eventos que tengan lugar en las Islas Baleares, promovidos por grandes, medianos o peque\u00f1os clientes. Nuestro principal objetivo es ofrecer un servicio de la m\u00e1s alta calidad, por este motivo, dentro de nuestra cartera","og_url":"https:\/\/truiestructuras.es\/de\/produkte\/kunden\/","og_site_name":"Trui Estructuras","article_modified_time":"2023-01-18T12:20:52+00:00","og_image":[{"url":"https:\/\/truiestructuras.es\/wp-content\/uploads\/2017\/02\/empresas_510.jpg"}],"twitter_card":"summary_large_image","twitter_misc":{"Gesch\u00e4tzte Lesezeit":"1 Minute"},"schema":{"@context":"https:\/\/schema.org","@graph":[{"@type":"WebPage","@id":"https:\/\/truiestructuras.es\/productos\/clientes\/","url":"https:\/\/truiestructuras.es\/productos\/clientes\/","name":"Clientes - Trui Estructuras","isPartOf":{"@id":"https:\/\/truiestructuras.es\/#website"},"datePublished":"2022-10-05T02:01:15+00:00","dateModified":"2023-01-18T12:20:52+00:00","breadcrumb":{"@id":"https:\/\/truiestructuras.es\/productos\/clientes\/#breadcrumb"},"inLanguage":"de-DE","potentialAction":[{"@type":"ReadAction","target":["https:\/\/truiestructuras.es\/productos\/clientes\/"]}]},{"@type":"BreadcrumbList","@id":"https:\/\/truiestructuras.es\/productos\/clientes\/#breadcrumb","itemListElement":[{"@type":"ListItem","position":1,"name":"Portada","item":"https:\/\/truiestructuras.es\/"},{"@type":"ListItem","position":2,"name":"Nuestros Tipos de Estructuras para Eventos","item":"https:\/\/truiestructuras.es\/productos\/"},{"@type":"ListItem","position":3,"name":"Clientes"}]},{"@type":"WebSite","@id":"https:\/\/truiestructuras.es\/#website","url":"https:\/\/truiestructuras.es\/","name":"Trui Estructuras","description":"Estructuras para Eventos en Mallorca","potentialAction":[{"@type":"SearchAction","target":{"@type":"EntryPoint","urlTemplate":"https:\/\/truiestructuras.es\/?s={search_term_string}"},"query-input":"required name=search_term_string"}],"inLanguage":"de-DE"}]}},"_links":{"self":[{"href":"https:\/\/truiestructuras.es\/de\/wp-json\/wp\/v2\/pages\/7291"}],"collection":[{"href":"https:\/\/truiestructuras.es\/de\/wp-json\/wp\/v2\/pages"}],"about":[{"href":"https:\/\/truiestructuras.es\/de\/wp-json\/wp\/v2\/types\/page"}],"author":[{"embeddable":true,"href":"https:\/\/truiestructuras.es\/de\/wp-json\/wp\/v2\/users\/1"}],"replies":[{"embeddable":true,"href":"https:\/\/truiestructuras.es\/de\/wp-json\/wp\/v2\/comments?post=7291"}],"version-history":[{"count":22,"href":"https:\/\/truiestructuras.es\/de\/wp-json\/wp\/v2\/pages\/7291\/revisions"}],"predecessor-version":[{"id":7974,"href":"https:\/\/truiestructuras.es\/de\/wp-json\/wp\/v2\/pages\/7291\/revisions\/7974"}],"up":[{"embeddable":true,"href":"https:\/\/truiestructuras.es\/de\/wp-json\/wp\/v2\/pages\/1501"}],"wp:attachment":[{"href":"https:\/\/truiestructuras.es\/de\/wp-json\/wp\/v2\/media?parent=7291"}],"curies":[{"name":"wp","href":"https:\/\/api.w.org\/{rel}","templated":true}]}}