{"id":7440,"date":"2022-10-05T21:21:15","date_gmt":"2022-10-05T21:21:15","guid":{"rendered":"https:\/\/truiestructuras.es\/?page_id=7440"},"modified":"2023-08-08T11:53:52","modified_gmt":"2023-08-08T11:53:52","slug":"truss","status":"publish","type":"page","link":"https:\/\/truiestructuras.es\/es_es\/productos\/truss\/","title":{"rendered":"Alquiler de Estructuras TRUSS"},"content":{"rendered":"\t\t<div data-elementor-type=\"wp-page\" data-elementor-id=\"7440\" class=\"elementor elementor-7440\">\n\t\t\t\t\t\t\t\t\t<section class=\"elementor-section elementor-top-section elementor-element elementor-element-350e24e elementor-section-boxed elementor-section-height-default elementor-section-height-default\" data-id=\"350e24e\" data-element_type=\"section\" data-settings=\"{&quot;background_background&quot;:&quot;classic&quot;}\">\n\t\t\t\t\t\t<div class=\"elementor-container elementor-column-gap-default\">\n\t\t\t\t\t<div class=\"elementor-column elementor-col-100 elementor-top-column elementor-element elementor-element-348d34c\" data-id=\"348d34c\" data-element_type=\"column\">\n\t\t\t<div class=\"elementor-widget-wrap elementor-element-populated\">\n\t\t\t\t\t\t\t\t<div class=\"elementor-element elementor-element-45d3d4b elementor-widget elementor-widget-heading\" data-id=\"45d3d4b\" data-element_type=\"widget\" data-widget_type=\"heading.default\">\n\t\t\t\t<div class=\"elementor-widget-container\">\n\t\t\t<style>\/*! elementor - v3.7.8 - 02-10-2022 *\/\n.elementor-heading-title{padding:0;margin:0;line-height:1}.elementor-widget-heading .elementor-heading-title[class*=elementor-size-]>a{color:inherit;font-size:inherit;line-height:inherit}.elementor-widget-heading .elementor-heading-title.elementor-size-small{font-size:15px}.elementor-widget-heading .elementor-heading-title.elementor-size-medium{font-size:19px}.elementor-widget-heading .elementor-heading-title.elementor-size-large{font-size:29px}.elementor-widget-heading .elementor-heading-title.elementor-size-xl{font-size:39px}.elementor-widget-heading .elementor-heading-title.elementor-size-xxl{font-size:59px}<\/style><h2 class=\"elementor-heading-title elementor-size-default\">Montaje de Estructuras TRUSS en Mallorca: Dise\u00f1o y Versatilidad\n<\/h2>\t\t<\/div>\n\t\t\t\t<\/div>\n\t\t\t\t<div class=\"elementor-element elementor-element-5ea05fe elementor-widget elementor-widget-text-editor\" data-id=\"5ea05fe\" data-element_type=\"widget\" data-widget_type=\"text-editor.default\">\n\t\t\t\t<div class=\"elementor-widget-container\">\n\t\t\t<style>\/*! elementor - v3.7.8 - 02-10-2022 *\/\n.elementor-widget-text-editor.elementor-drop-cap-view-stacked .elementor-drop-cap{background-color:#818a91;color:#fff}.elementor-widget-text-editor.elementor-drop-cap-view-framed .elementor-drop-cap{color:#818a91;border:3px solid;background-color:transparent}.elementor-widget-text-editor:not(.elementor-drop-cap-view-default) .elementor-drop-cap{margin-top:8px}.elementor-widget-text-editor:not(.elementor-drop-cap-view-default) .elementor-drop-cap-letter{width:1em;height:1em}.elementor-widget-text-editor .elementor-drop-cap{float:left;text-align:center;line-height:1;font-size:50px}.elementor-widget-text-editor .elementor-drop-cap-letter{display:inline-block}<\/style>\t\t\t\t<p><span style=\"font-weight: 400;\">En TRUI ESTRUCTURAS, te ofrecemos alquiler y montaje de estructuras TRUSS en Mallorca para eventos espectaculares. Como expertos en montaje de estructuras, nos enorgullecemos de proporcionarte soluciones creativas y vers\u00e1tiles que se adaptan a tus necesidades \u00fanicas.<\/span><\/p>\n\t\t\t\t\t\t<\/div>\n\t\t\t\t<\/div>\n\t\t\t\t<div class=\"elementor-element elementor-element-9832ba1 elementor-widget elementor-widget-heading\" data-id=\"9832ba1\" data-element_type=\"widget\" data-widget_type=\"heading.default\">\n\t\t\t\t<div class=\"elementor-widget-container\">\n\t\t\t<h3 class=\"elementor-heading-title elementor-size-default\">Estructuras TRUSS Modulares y Certificadas\n<\/h3>\t\t<\/div>\n\t\t\t\t<\/div>\n\t\t\t\t<div class=\"elementor-element elementor-element-39503df elementor-widget elementor-widget-text-editor\" data-id=\"39503df\" data-element_type=\"widget\" data-widget_type=\"text-editor.default\">\n\t\t\t\t<div class=\"elementor-widget-container\">\n\t\t\t\t\t\t\t<p><span style=\"font-weight: 400;\">Nuestras estructuras TRUSS son altamente vers\u00e1tiles, con la posibilidad de modular tramos desde 50 cent\u00edmetros hasta 5 metros. Esto no solo facilita el transporte y la manipulaci\u00f3n, sino que tambi\u00e9n permite la adaptaci\u00f3n a diferentes espacios y necesidades. Adem\u00e1s, todas nuestras estructuras cuentan con el certificado T\u00dcV, garantizando la m\u00e1xima calidad y seguridad.<\/span><\/p>\n\t\t\t\t\t\t<\/div>\n\t\t\t\t<\/div>\n\t\t\t\t\t<\/div>\n\t\t<\/div>\n\t\t\t\t\t\t\t<\/div>\n\t\t<\/section>\n\t\t\t\t<section class=\"elementor-section elementor-top-section elementor-element elementor-element-5c6ab8c elementor-section-boxed elementor-section-height-default elementor-section-height-default\" data-id=\"5c6ab8c\" data-element_type=\"section\">\n\t\t\t\t\t\t<div class=\"elementor-container elementor-column-gap-default\">\n\t\t\t\t\t<div class=\"elementor-column elementor-col-100 elementor-top-column elementor-element elementor-element-2ec60ef\" data-id=\"2ec60ef\" data-element_type=\"column\">\n\t\t\t<div class=\"elementor-widget-wrap elementor-element-populated\">\n\t\t\t\t\t\t\t\t<div class=\"elementor-element elementor-element-0afb8ef elementor-widget elementor-widget-heading\" data-id=\"0afb8ef\" data-element_type=\"widget\" data-widget_type=\"heading.default\">\n\t\t\t\t<div class=\"elementor-widget-container\">\n\t\t\t<h2 class=\"elementor-heading-title elementor-size-default\">Modelos de Estructuras TRUSS<\/h2>\t\t<\/div>\n\t\t\t\t<\/div>\n\t\t\t\t<div class=\"elementor-element elementor-element-43ecb2c elementor-widget elementor-widget-text-editor\" data-id=\"43ecb2c\" data-element_type=\"widget\" data-widget_type=\"text-editor.default\">\n\t\t\t\t<div class=\"elementor-widget-container\">\n\t\t\t\t\t\t\t<p><span style=\"font-weight: 400;\">En TRUI ESTRUCTURAS, ofrecemos una variedad de modelos de estructuras TRUSS que pueden transformar tu evento.\u00a0<\/span><\/p>\n<ul>\n<li style=\"font-weight: 400;\" aria-level=\"1\"><span style=\"font-weight: 400;\">Estructura TRUSS de 10\u00d710<\/span><\/li>\n<li style=\"font-weight: 400;\" aria-level=\"1\"><span style=\"font-weight: 400;\">Estructura TRUSS de 30\u00d730<\/span><\/li>\n<li style=\"font-weight: 400;\" aria-level=\"1\"><span style=\"font-weight: 400;\">Estructura TRUSS de 50\u00d750<\/span><\/li>\n<\/ul>\n\t\t\t\t\t\t<\/div>\n\t\t\t\t<\/div>\n\t\t\t\t\t<\/div>\n\t\t<\/div>\n\t\t\t\t\t\t\t<\/div>\n\t\t<\/section>\n\t\t\t\t<section class=\"elementor-section elementor-top-section elementor-element elementor-element-666bbf9 elementor-section-boxed elementor-section-height-default elementor-section-height-default\" data-id=\"666bbf9\" data-element_type=\"section\" data-settings=\"{&quot;background_background&quot;:&quot;classic&quot;}\">\n\t\t\t\t\t\t<div class=\"elementor-container elementor-column-gap-default\">\n\t\t\t\t\t<div class=\"elementor-column elementor-col-50 elementor-top-column elementor-element elementor-element-8afdadc\" data-id=\"8afdadc\" data-element_type=\"column\">\n\t\t\t<div class=\"elementor-widget-wrap elementor-element-populated\">\n\t\t\t\t\t\t\t\t<div class=\"elementor-element elementor-element-dafc3b3 elementor-pagination-position-outside elementor-widget elementor-widget-image-carousel\" data-id=\"dafc3b3\" data-element_type=\"widget\" data-settings=\"{&quot;slides_to_show&quot;:&quot;1&quot;,&quot;navigation&quot;:&quot;dots&quot;,&quot;autoplay&quot;:&quot;yes&quot;,&quot;pause_on_hover&quot;:&quot;yes&quot;,&quot;pause_on_interaction&quot;:&quot;yes&quot;,&quot;autoplay_speed&quot;:5000,&quot;infinite&quot;:&quot;yes&quot;,&quot;effect&quot;:&quot;slide&quot;,&quot;speed&quot;:500}\" data-widget_type=\"image-carousel.default\">\n\t\t\t\t<div class=\"elementor-widget-container\">\n\t\t\t<style>\/*! elementor - v3.7.8 - 02-10-2022 *\/\n.elementor-widget-image-carousel .swiper-container{position:static}.elementor-widget-image-carousel .swiper-container .swiper-slide figure{line-height:inherit}.elementor-widget-image-carousel .swiper-slide{text-align:center}.elementor-image-carousel-wrapper:not(.swiper-container-initialized) .swiper-slide{max-width:calc(100% \/ var(--e-image-carousel-slides-to-show, 3))}<\/style>\t\t<div class=\"elementor-image-carousel-wrapper swiper-container\" dir=\"ltr\">\n\t\t\t<div class=\"elementor-image-carousel swiper-wrapper swiper-image-stretch\">\n\t\t\t\t\t\t\t\t<div class=\"swiper-slide\"><figure class=\"swiper-slide-inner\"><img class=\"swiper-slide-image\" src=\"https:\/\/truiestructuras.es\/wp-content\/uploads\/2022\/10\/truss-10x10-510x350-1.jpg\" alt=\"alquiler de estructuras truss\" \/><\/figure><\/div><div class=\"swiper-slide\"><figure class=\"swiper-slide-inner\"><img class=\"swiper-slide-image\" src=\"https:\/\/truiestructuras.es\/wp-content\/uploads\/2022\/10\/truss-10x10-510x350-evento.jpg\" alt=\"alquiler de estructuras truss\" \/><\/figure><\/div>\t\t\t<\/div>\n\t\t\t\t\t\t\t\t\t\t\t\t<div class=\"swiper-pagination\"><\/div>\n\t\t\t\t\t\t\t\t\t\t\t\t\t<\/div>\n\t\t\t\t<\/div>\n\t\t\t\t<\/div>\n\t\t\t\t\t<\/div>\n\t\t<\/div>\n\t\t\t\t<div class=\"elementor-column elementor-col-50 elementor-top-column elementor-element elementor-element-a22e818\" data-id=\"a22e818\" data-element_type=\"column\">\n\t\t\t<div class=\"elementor-widget-wrap elementor-element-populated\">\n\t\t\t\t\t\t\t\t<div class=\"elementor-element elementor-element-4cf8b83 elementor-widget elementor-widget-heading\" data-id=\"4cf8b83\" data-element_type=\"widget\" data-widget_type=\"heading.default\">\n\t\t\t\t<div class=\"elementor-widget-container\">\n\t\t\t<h3 class=\"elementor-heading-title elementor-size-default\">TRUSS 10X10<\/h3>\t\t<\/div>\n\t\t\t\t<\/div>\n\t\t\t\t<div class=\"elementor-element elementor-element-21a8a37 elementor-widget elementor-widget-text-editor\" data-id=\"21a8a37\" data-element_type=\"widget\" data-widget_type=\"text-editor.default\">\n\t\t\t\t<div class=\"elementor-widget-container\">\n\t\t\t\t\t\t\t<p>Recomendada para ferias comerciales, bodas, ceremonias, conciertos y eventos.\u00a0<\/p>\n\t\t\t\t\t\t<\/div>\n\t\t\t\t<\/div>\n\t\t\t\t\t<\/div>\n\t\t<\/div>\n\t\t\t\t\t\t\t<\/div>\n\t\t<\/section>\n\t\t\t\t<section class=\"elementor-section elementor-top-section elementor-element elementor-element-3206aff elementor-section-boxed elementor-section-height-default elementor-section-height-default\" data-id=\"3206aff\" data-element_type=\"section\" data-settings=\"{&quot;background_background&quot;:&quot;classic&quot;}\">\n\t\t\t\t\t\t<div class=\"elementor-container elementor-column-gap-default\">\n\t\t\t\t\t<div class=\"elementor-column elementor-col-50 elementor-top-column elementor-element elementor-element-4f9a361\" data-id=\"4f9a361\" data-element_type=\"column\">\n\t\t\t<div class=\"elementor-widget-wrap elementor-element-populated\">\n\t\t\t\t\t\t\t\t<div class=\"elementor-element elementor-element-c7331f7 elementor-pagination-position-outside elementor-widget elementor-widget-image-carousel\" data-id=\"c7331f7\" data-element_type=\"widget\" data-settings=\"{&quot;slides_to_show&quot;:&quot;1&quot;,&quot;navigation&quot;:&quot;dots&quot;,&quot;autoplay&quot;:&quot;yes&quot;,&quot;pause_on_hover&quot;:&quot;yes&quot;,&quot;pause_on_interaction&quot;:&quot;yes&quot;,&quot;autoplay_speed&quot;:5000,&quot;infinite&quot;:&quot;yes&quot;,&quot;effect&quot;:&quot;slide&quot;,&quot;speed&quot;:500}\" data-widget_type=\"image-carousel.default\">\n\t\t\t\t<div class=\"elementor-widget-container\">\n\t\t\t\t\t<div class=\"elementor-image-carousel-wrapper swiper-container\" dir=\"ltr\">\n\t\t\t<div class=\"elementor-image-carousel swiper-wrapper swiper-image-stretch\">\n\t\t\t\t\t\t\t\t<div class=\"swiper-slide\"><figure class=\"swiper-slide-inner\"><img class=\"swiper-slide-image\" src=\"https:\/\/truiestructuras.es\/wp-content\/uploads\/2022\/10\/truss-30x30-1-510x350-1.jpg\" alt=\"truss baleares\" \/><\/figure><\/div><div class=\"swiper-slide\"><figure class=\"swiper-slide-inner\"><img class=\"swiper-slide-image\" src=\"https:\/\/truiestructuras.es\/wp-content\/uploads\/2022\/10\/truss-30x30-2-510x350-1.jpg\" alt=\"truss baleares\" \/><\/figure><\/div><div class=\"swiper-slide\"><figure class=\"swiper-slide-inner\"><img class=\"swiper-slide-image\" src=\"https:\/\/truiestructuras.es\/wp-content\/uploads\/2022\/10\/truss-30x30-3-510x350-1.jpg\" alt=\"truss baleares\" \/><\/figure><\/div><div class=\"swiper-slide\"><figure class=\"swiper-slide-inner\"><img class=\"swiper-slide-image\" src=\"https:\/\/truiestructuras.es\/wp-content\/uploads\/2022\/10\/truss-30x30-4-510x350-1.jpg\" alt=\"truss baleares\" \/><\/figure><\/div>\t\t\t<\/div>\n\t\t\t\t\t\t\t\t\t\t\t\t<div class=\"swiper-pagination\"><\/div>\n\t\t\t\t\t\t\t\t\t\t\t\t\t<\/div>\n\t\t\t\t<\/div>\n\t\t\t\t<\/div>\n\t\t\t\t\t<\/div>\n\t\t<\/div>\n\t\t\t\t<div class=\"elementor-column elementor-col-50 elementor-top-column elementor-element elementor-element-3c8b396\" data-id=\"3c8b396\" data-element_type=\"column\">\n\t\t\t<div class=\"elementor-widget-wrap elementor-element-populated\">\n\t\t\t\t\t\t\t\t<div class=\"elementor-element elementor-element-5aa6234 elementor-widget elementor-widget-heading\" data-id=\"5aa6234\" data-element_type=\"widget\" data-widget_type=\"heading.default\">\n\t\t\t\t<div class=\"elementor-widget-container\">\n\t\t\t<h3 class=\"elementor-heading-title elementor-size-default\">TRUSS 30X30<\/h3>\t\t<\/div>\n\t\t\t\t<\/div>\n\t\t\t\t<div class=\"elementor-element elementor-element-2c3aaf0 elementor-widget elementor-widget-text-editor\" data-id=\"2c3aaf0\" data-element_type=\"widget\" data-widget_type=\"text-editor.default\">\n\t\t\t\t<div class=\"elementor-widget-container\">\n\t\t\t\t\t\t\t<p>Recomendada para ferias comerciales, bodas, ceremonias, conciertos y eventos.\u00a0<\/p>\n<h4>Caracter\u00edsticas:<\/h4>\n<ul>\n<li>Distancia m\u00e1xima del vano 16 mt.<\/li>\n<li>Carga m\u00e1xima puntual a la m\u00e1xima distancia 224.1Kg.<\/li>\n<li>Carga m\u00e1xima repartida a la m\u00e1xima distancia 448Kg.<\/li>\n<\/ul>\n\t\t\t\t\t\t<\/div>\n\t\t\t\t<\/div>\n\t\t\t\t\t<\/div>\n\t\t<\/div>\n\t\t\t\t\t\t\t<\/div>\n\t\t<\/section>\n\t\t\t\t<section class=\"elementor-section elementor-top-section elementor-element elementor-element-b377ecd elementor-section-boxed elementor-section-height-default elementor-section-height-default\" data-id=\"b377ecd\" data-element_type=\"section\" data-settings=\"{&quot;background_background&quot;:&quot;classic&quot;}\">\n\t\t\t\t\t\t<div class=\"elementor-container elementor-column-gap-default\">\n\t\t\t\t\t<div class=\"elementor-column elementor-col-50 elementor-top-column elementor-element elementor-element-43b95ea\" data-id=\"43b95ea\" data-element_type=\"column\">\n\t\t\t<div class=\"elementor-widget-wrap elementor-element-populated\">\n\t\t\t\t\t\t\t\t<div class=\"elementor-element elementor-element-ec33c63 elementor-pagination-position-outside elementor-widget elementor-widget-image-carousel\" data-id=\"ec33c63\" data-element_type=\"widget\" data-settings=\"{&quot;slides_to_show&quot;:&quot;1&quot;,&quot;navigation&quot;:&quot;dots&quot;,&quot;autoplay&quot;:&quot;yes&quot;,&quot;pause_on_hover&quot;:&quot;yes&quot;,&quot;pause_on_interaction&quot;:&quot;yes&quot;,&quot;autoplay_speed&quot;:5000,&quot;infinite&quot;:&quot;yes&quot;,&quot;effect&quot;:&quot;slide&quot;,&quot;speed&quot;:500}\" data-widget_type=\"image-carousel.default\">\n\t\t\t\t<div class=\"elementor-widget-container\">\n\t\t\t\t\t<div class=\"elementor-image-carousel-wrapper swiper-container\" dir=\"ltr\">\n\t\t\t<div class=\"elementor-image-carousel swiper-wrapper swiper-image-stretch\">\n\t\t\t\t\t\t\t\t<div class=\"swiper-slide\"><figure class=\"swiper-slide-inner\"><img class=\"swiper-slide-image\" src=\"https:\/\/truiestructuras.es\/wp-content\/uploads\/2022\/10\/truss-50x50-1-510x350-1.jpg\" alt=\"alquiler de truss\" \/><\/figure><\/div>\t\t\t<\/div>\n\t\t\t\t\t<\/div>\n\t\t\t\t<\/div>\n\t\t\t\t<\/div>\n\t\t\t\t\t<\/div>\n\t\t<\/div>\n\t\t\t\t<div class=\"elementor-column elementor-col-50 elementor-top-column elementor-element elementor-element-c9214cc\" data-id=\"c9214cc\" data-element_type=\"column\">\n\t\t\t<div class=\"elementor-widget-wrap elementor-element-populated\">\n\t\t\t\t\t\t\t\t<div class=\"elementor-element elementor-element-f3a16da elementor-widget elementor-widget-heading\" data-id=\"f3a16da\" data-element_type=\"widget\" data-widget_type=\"heading.default\">\n\t\t\t\t<div class=\"elementor-widget-container\">\n\t\t\t<h3 class=\"elementor-heading-title elementor-size-default\">TRUSS 50X50<\/h3>\t\t<\/div>\n\t\t\t\t<\/div>\n\t\t\t\t<div class=\"elementor-element elementor-element-56ab20d elementor-widget elementor-widget-text-editor\" data-id=\"56ab20d\" data-element_type=\"widget\" data-widget_type=\"text-editor.default\">\n\t\t\t\t<div class=\"elementor-widget-container\">\n\t\t\t\t\t\t\t<p class=\"producto-info-title\">Recomendada para ferias comerciales, bodas, ceremonias, conciertos y eventos.<\/p>\n<p>\u00a0<\/p>\n\t\t\t\t\t\t<\/div>\n\t\t\t\t<\/div>\n\t\t\t\t\t<\/div>\n\t\t<\/div>\n\t\t\t\t\t\t\t<\/div>\n\t\t<\/section>\n\t\t\t\t<section class=\"elementor-section elementor-top-section elementor-element elementor-element-a745eaa elementor-section-boxed elementor-section-height-default elementor-section-height-default\" data-id=\"a745eaa\" data-element_type=\"section\">\n\t\t\t\t\t\t<div class=\"elementor-container elementor-column-gap-default\">\n\t\t\t\t\t<div class=\"elementor-column elementor-col-100 elementor-top-column elementor-element elementor-element-a8abfec\" data-id=\"a8abfec\" data-element_type=\"column\">\n\t\t\t<div class=\"elementor-widget-wrap elementor-element-populated\">\n\t\t\t\t\t\t\t\t<div class=\"elementor-element elementor-element-9f36f15 elementor-widget elementor-widget-text-editor\" data-id=\"9f36f15\" data-element_type=\"widget\" data-widget_type=\"text-editor.default\">\n\t\t\t\t<div class=\"elementor-widget-container\">\n\t\t\t\t\t\t\t<p>Dentro de nuestro listado de productos tambi\u00e9n contamos con estructuras como: carpas, stands, escenarios, tarimas, mobiliario, decoraci\u00f3n y gradas. Si tienes dudas al respecto de qu\u00e9 tipo de estructura necesitas, contacta con nosotros.\u00a0<\/p>\n<p>Tambi\u00e9n tienes disponibles otros servicios como: venta, montaje y gesti\u00f3n de estructuras tanto en Mallorca, como en Ibiza, Menorca y Formentera.<\/p>\n\t\t\t\t\t\t<\/div>\n\t\t\t\t<\/div>\n\t\t\t\t<div class=\"elementor-element elementor-element-f6dde56 elementor-align-center elementor-widget elementor-widget-button\" data-id=\"f6dde56\" data-element_type=\"widget\" data-widget_type=\"button.default\">\n\t\t\t\t<div class=\"elementor-widget-container\">\n\t\t\t\t\t<div class=\"elementor-button-wrapper icon_align_  \">\n\t\t\t<a href=\"\/truiestructuras\/contacto\/\" class=\"elementor-button-link elementor-button elementor-size-sm\" role=\"button\">\n\t\t\t\t\t\t<span class=\"elementor-button-content-wrapper\">\n\t\t\t\t\t\t<span class=\"elementor-button-text\">Solicitar una Cotizaci\u00f3n<\/span>\n\t\t<\/span>\n\t\t\t\t\t<\/a>\n\t\t<\/div>\n\t\t\t\t<\/div>\n\t\t\t\t<\/div>\n\t\t\t\t\t<\/div>\n\t\t<\/div>\n\t\t\t\t\t\t\t<\/div>\n\t\t<\/section>\n\t\t\t\t\t\t\t<\/div>\n\t\t","protected":false},"excerpt":{"rendered":"","protected":false},"author":1,"featured_media":0,"parent":1501,"menu_order":0,"comment_status":"closed","ping_status":"closed","template":"","meta":{"om_disable_all_campaigns":false,"_mi_skip_tracking":false,"_monsterinsights_sitenote_active":false,"_monsterinsights_sitenote_note":"","_monsterinsights_sitenote_category":0},"yoast_head":"<!-- This site is optimized with the Yoast SEO plugin v20.4 - https:\/\/yoast.com\/wordpress\/plugins\/seo\/ -->\n<title>Alquiler de Estructuras TRUSS en Mallorca - Trui Estructuras<\/title>\n<meta name=\"description\" content=\"Montaje y Alquiler de estructuras TRUSS en Mallorca. Estructuras altamente vers\u00e1tiles para eventos destacados.\" \/>\n<meta name=\"robots\" content=\"index, follow, max-snippet:-1, max-image-preview:large, max-video-preview:-1\" \/>\n<link rel=\"canonical\" href=\"https:\/\/truiestructuras.es\/es_es\/productos\/truss\/\" \/>\n<meta property=\"og:locale\" content=\"es_ES\" \/>\n<meta property=\"og:type\" content=\"article\" \/>\n<meta property=\"og:title\" content=\"Alquiler de Estructuras TRUSS en Mallorca - Trui Estructuras\" \/>\n<meta property=\"og:description\" content=\"Montaje y Alquiler de estructuras TRUSS en Mallorca. Estructuras altamente vers\u00e1tiles para eventos destacados.\" \/>\n<meta property=\"og:url\" content=\"https:\/\/truiestructuras.es\/es_es\/productos\/truss\/\" \/>\n<meta property=\"og:site_name\" content=\"Trui Estructuras\" \/>\n<meta property=\"article:modified_time\" content=\"2023-08-08T11:53:52+00:00\" \/>\n<meta name=\"twitter:card\" content=\"summary_large_image\" \/>\n<script type=\"application\/ld+json\" class=\"yoast-schema-graph\">{\"@context\":\"https:\/\/schema.org\",\"@graph\":[{\"@type\":\"WebPage\",\"@id\":\"https:\/\/truiestructuras.es\/productos\/truss\/\",\"url\":\"https:\/\/truiestructuras.es\/productos\/truss\/\",\"name\":\"Alquiler de Estructuras TRUSS en Mallorca - Trui Estructuras\",\"isPartOf\":{\"@id\":\"https:\/\/truiestructuras.es\/#website\"},\"datePublished\":\"2022-10-05T21:21:15+00:00\",\"dateModified\":\"2023-08-08T11:53:52+00:00\",\"description\":\"Montaje y Alquiler de estructuras TRUSS en Mallorca. Estructuras altamente vers\u00e1tiles para eventos destacados.\",\"breadcrumb\":{\"@id\":\"https:\/\/truiestructuras.es\/productos\/truss\/#breadcrumb\"},\"inLanguage\":\"es\",\"potentialAction\":[{\"@type\":\"ReadAction\",\"target\":[\"https:\/\/truiestructuras.es\/productos\/truss\/\"]}]},{\"@type\":\"BreadcrumbList\",\"@id\":\"https:\/\/truiestructuras.es\/productos\/truss\/#breadcrumb\",\"itemListElement\":[{\"@type\":\"ListItem\",\"position\":1,\"name\":\"Portada\",\"item\":\"https:\/\/truiestructuras.es\/\"},{\"@type\":\"ListItem\",\"position\":2,\"name\":\"Nuestros Tipos de Estructuras para Eventos\",\"item\":\"https:\/\/truiestructuras.es\/productos\/\"},{\"@type\":\"ListItem\",\"position\":3,\"name\":\"Alquiler de Estructuras TRUSS\"}]},{\"@type\":\"WebSite\",\"@id\":\"https:\/\/truiestructuras.es\/#website\",\"url\":\"https:\/\/truiestructuras.es\/\",\"name\":\"Trui Estructuras\",\"description\":\"Estructuras para Eventos en Mallorca\",\"potentialAction\":[{\"@type\":\"SearchAction\",\"target\":{\"@type\":\"EntryPoint\",\"urlTemplate\":\"https:\/\/truiestructuras.es\/?s={search_term_string}\"},\"query-input\":\"required name=search_term_string\"}],\"inLanguage\":\"es\"}]}<\/script>\n<!-- \/ Yoast SEO plugin. -->","yoast_head_json":{"title":"Alquiler de Estructuras TRUSS en Mallorca - Trui Estructuras","description":"Montaje y Alquiler de estructuras TRUSS en Mallorca. Estructuras altamente vers\u00e1tiles para eventos destacados.","robots":{"index":"index","follow":"follow","max-snippet":"max-snippet:-1","max-image-preview":"max-image-preview:large","max-video-preview":"max-video-preview:-1"},"canonical":"https:\/\/truiestructuras.es\/es_es\/productos\/truss\/","og_locale":"es_ES","og_type":"article","og_title":"Alquiler de Estructuras TRUSS en Mallorca - Trui Estructuras","og_description":"Montaje y Alquiler de estructuras TRUSS en Mallorca. Estructuras altamente vers\u00e1tiles para eventos destacados.","og_url":"https:\/\/truiestructuras.es\/es_es\/productos\/truss\/","og_site_name":"Trui Estructuras","article_modified_time":"2023-08-08T11:53:52+00:00","twitter_card":"summary_large_image","schema":{"@context":"https:\/\/schema.org","@graph":[{"@type":"WebPage","@id":"https:\/\/truiestructuras.es\/productos\/truss\/","url":"https:\/\/truiestructuras.es\/productos\/truss\/","name":"Alquiler de Estructuras TRUSS en Mallorca - Trui Estructuras","isPartOf":{"@id":"https:\/\/truiestructuras.es\/#website"},"datePublished":"2022-10-05T21:21:15+00:00","dateModified":"2023-08-08T11:53:52+00:00","description":"Montaje y Alquiler de estructuras TRUSS en Mallorca. Estructuras altamente vers\u00e1tiles para eventos destacados.","breadcrumb":{"@id":"https:\/\/truiestructuras.es\/productos\/truss\/#breadcrumb"},"inLanguage":"es","potentialAction":[{"@type":"ReadAction","target":["https:\/\/truiestructuras.es\/productos\/truss\/"]}]},{"@type":"BreadcrumbList","@id":"https:\/\/truiestructuras.es\/productos\/truss\/#breadcrumb","itemListElement":[{"@type":"ListItem","position":1,"name":"Portada","item":"https:\/\/truiestructuras.es\/"},{"@type":"ListItem","position":2,"name":"Nuestros Tipos de Estructuras para Eventos","item":"https:\/\/truiestructuras.es\/productos\/"},{"@type":"ListItem","position":3,"name":"Alquiler de Estructuras TRUSS"}]},{"@type":"WebSite","@id":"https:\/\/truiestructuras.es\/#website","url":"https:\/\/truiestructuras.es\/","name":"Trui Estructuras","description":"Estructuras para Eventos en Mallorca","potentialAction":[{"@type":"SearchAction","target":{"@type":"EntryPoint","urlTemplate":"https:\/\/truiestructuras.es\/?s={search_term_string}"},"query-input":"required name=search_term_string"}],"inLanguage":"es"}]}},"_links":{"self":[{"href":"https:\/\/truiestructuras.es\/es_es\/wp-json\/wp\/v2\/pages\/7440"}],"collection":[{"href":"https:\/\/truiestructuras.es\/es_es\/wp-json\/wp\/v2\/pages"}],"about":[{"href":"https:\/\/truiestructuras.es\/es_es\/wp-json\/wp\/v2\/types\/page"}],"author":[{"embeddable":true,"href":"https:\/\/truiestructuras.es\/es_es\/wp-json\/wp\/v2\/users\/1"}],"replies":[{"embeddable":true,"href":"https:\/\/truiestructuras.es\/es_es\/wp-json\/wp\/v2\/comments?post=7440"}],"version-history":[{"count":19,"href":"https:\/\/truiestructuras.es\/es_es\/wp-json\/wp\/v2\/pages\/7440\/revisions"}],"predecessor-version":[{"id":8422,"href":"https:\/\/truiestructuras.es\/es_es\/wp-json\/wp\/v2\/pages\/7440\/revisions\/8422"}],"up":[{"embeddable":true,"href":"https:\/\/truiestructuras.es\/es_es\/wp-json\/wp\/v2\/pages\/1501"}],"wp:attachment":[{"href":"https:\/\/truiestructuras.es\/es_es\/wp-json\/wp\/v2\/media?parent=7440"}],"curies":[{"name":"wp","href":"https:\/\/api.w.org\/{rel}","templated":true}]}}